{"id":342,"date":"2023-05-18T10:39:05","date_gmt":"2023-05-18T10:39:05","guid":{"rendered":"https:\/\/premierinvestconstruct.ro\/?page_id=342"},"modified":"2023-11-28T02:26:57","modified_gmt":"2023-11-28T02:26:57","slug":"proiecte","status":"publish","type":"page","link":"https:\/\/premierinvestconstruct.ro\/en\/proiecte\/","title":{"rendered":"Projects"},"content":{"rendered":"<div data-elementor-type=\"wp-page\" data-elementor-id=\"342\" class=\"elementor elementor-342\">\n\t\t\t\t\t\t<section class=\"elementor-section elementor-top-section elementor-element elementor-element-b286948 elementor-section-content-middle elementor-section-boxed elementor-section-height-default elementor-section-height-default\" data-id=\"b286948\" data-element_type=\"section\" data-e-type=\"section\" data-settings=\"{&quot;background_background&quot;:&quot;classic&quot;}\">\n\t\t\t\t\t\t\t<div class=\"elementor-background-overlay\"><\/div>\n\t\t\t\t\t\t\t<div class=\"elementor-container elementor-column-gap-no\">\n\t\t\t\t\t<div class=\"elementor-column elementor-col-100 elementor-top-column elementor-element elementor-element-3123f1f\" data-id=\"3123f1f\" data-element_type=\"column\" data-e-type=\"column\">\n\t\t\t<div class=\"elementor-widget-wrap elementor-element-populated\">\n\t\t\t\t\t\t<div class=\"elementor-element elementor-element-38e5fc9 elementor-widget-mobile__width-inherit elementor-widget elementor-widget-heading\" data-id=\"38e5fc9\" data-element_type=\"widget\" data-e-type=\"widget\" data-widget_type=\"heading.default\">\n\t\t\t\t<div class=\"elementor-widget-container\">\n\t\t\t\t\t<h1 class=\"elementor-heading-title elementor-size-default\">Projects<\/h1>\t\t\t\t<\/div>\n\t\t\t\t<\/div>\n\t\t\t\t\t<\/div>\n\t\t<\/div>\n\t\t\t\t\t<\/div>\n\t\t<\/section>\n\t\t\t\t<section class=\"elementor-section elementor-top-section elementor-element elementor-element-eb6665c elementor-section-boxed elementor-section-height-default elementor-section-height-default\" data-id=\"eb6665c\" data-element_type=\"section\" data-e-type=\"section\">\n\t\t\t\t\t\t<div class=\"elementor-container elementor-column-gap-default\">\n\t\t\t\t\t<div class=\"elementor-column elementor-col-100 elementor-top-column elementor-element elementor-element-a677c9e\" data-id=\"a677c9e\" data-element_type=\"column\" data-e-type=\"column\">\n\t\t\t<div class=\"elementor-widget-wrap elementor-element-populated\">\n\t\t\t\t\t\t<section class=\"elementor-section elementor-inner-section elementor-element elementor-element-58ef503 elementor-section-boxed elementor-section-height-default elementor-section-height-default\" data-id=\"58ef503\" data-element_type=\"section\" data-e-type=\"section\">\n\t\t\t\t\t\t<div class=\"elementor-container elementor-column-gap-default\">\n\t\t\t\t\t<div class=\"elementor-column elementor-col-50 elementor-inner-column elementor-element elementor-element-a7c183e\" data-id=\"a7c183e\" data-element_type=\"column\" data-e-type=\"column\">\n\t\t\t<div class=\"elementor-widget-wrap elementor-element-populated\">\n\t\t\t\t\t\t<div class=\"elementor-element elementor-element-363ee0f elementor-widget elementor-widget-heading\" data-id=\"363ee0f\" data-element_type=\"widget\" data-e-type=\"widget\" data-widget_type=\"heading.default\">\n\t\t\t\t<div class=\"elementor-widget-container\">\n\t\t\t\t\t<h2 class=\"elementor-heading-title elementor-size-default\">Our Projects<\/h2>\t\t\t\t<\/div>\n\t\t\t\t<\/div>\n\t\t\t\t\t<\/div>\n\t\t<\/div>\n\t\t\t\t<div class=\"elementor-column elementor-col-50 elementor-inner-column elementor-element elementor-element-750d5c9\" data-id=\"750d5c9\" data-element_type=\"column\" data-e-type=\"column\">\n\t\t\t<div class=\"elementor-widget-wrap\">\n\t\t\t\t\t\t\t<\/div>\n\t\t<\/div>\n\t\t\t\t\t<\/div>\n\t\t<\/section>\n\t\t\t\t<section class=\"elementor-section elementor-inner-section elementor-element elementor-element-b837417 elementor-section-content-top elementor-section-boxed elementor-section-height-default elementor-section-height-default\" data-id=\"b837417\" data-element_type=\"section\" data-e-type=\"section\">\n\t\t\t\t\t\t<div class=\"elementor-container elementor-column-gap-default\">\n\t\t\t\t\t<div class=\"elementor-column elementor-col-33 elementor-inner-column elementor-element elementor-element-d9b1e41\" data-id=\"d9b1e41\" data-element_type=\"column\" data-e-type=\"column\">\n\t\t\t<div class=\"elementor-widget-wrap elementor-element-populated\">\n\t\t\t\t\t\t<div class=\"elementor-element elementor-element-e92c844 elementor-widget elementor-widget-image\" data-id=\"e92c844\" data-element_type=\"widget\" data-e-type=\"widget\" data-widget_type=\"image.default\">\n\t\t\t\t<div class=\"elementor-widget-container\">\n\t\t\t\t\t\t\t\t\t\t\t\t\t\t\t<img fetchpriority=\"high\" decoding=\"async\" width=\"940\" height=\"700\" src=\"https:\/\/premierinvestconstruct.ro\/wp-content\/uploads\/2023\/11\/Refacerea-cailor-de-rulare-rutiere.png\" class=\"attachment-large size-large wp-image-620\" alt=\"\" srcset=\"https:\/\/premierinvestconstruct.ro\/wp-content\/uploads\/2023\/11\/Refacerea-cailor-de-rulare-rutiere.png 940w, https:\/\/premierinvestconstruct.ro\/wp-content\/uploads\/2023\/11\/Refacerea-cailor-de-rulare-rutiere-300x223.png 300w, https:\/\/premierinvestconstruct.ro\/wp-content\/uploads\/2023\/11\/Refacerea-cailor-de-rulare-rutiere-768x572.png 768w\" sizes=\"(max-width: 940px) 100vw, 940px\" \/>\t\t\t\t\t\t\t\t\t\t\t\t\t\t\t<\/div>\n\t\t\t\t<\/div>\n\t\t\t\t\t<\/div>\n\t\t<\/div>\n\t\t\t\t<div class=\"elementor-column elementor-col-66 elementor-inner-column elementor-element elementor-element-786ded9\" data-id=\"786ded9\" data-element_type=\"column\" data-e-type=\"column\">\n\t\t\t<div class=\"elementor-widget-wrap elementor-element-populated\">\n\t\t\t\t\t\t<div class=\"elementor-element elementor-element-a37ec45 elementor-widget elementor-widget-heading\" data-id=\"a37ec45\" data-element_type=\"widget\" data-e-type=\"widget\" data-widget_type=\"heading.default\">\n\t\t\t\t<div class=\"elementor-widget-container\">\n\t\t\t\t\t<h4 class=\"elementor-heading-title elementor-size-default\">Restoration of roadways<\/h4>\t\t\t\t<\/div>\n\t\t\t\t<\/div>\n\t\t\t\t<div class=\"elementor-element elementor-element-323d9ef elementor-widget elementor-widget-text-editor\" data-id=\"323d9ef\" data-element_type=\"widget\" data-e-type=\"widget\" data-widget_type=\"text-editor.default\">\n\t\t\t\t<div class=\"elementor-widget-container\">\n\t\t\t\t\t\t\t\t\t<ul><li>Restoration of roadways (asphalting and routing) in <strong>Bucharest Municipality and DJ 601A<\/strong><\/li><li>Restoration of private roadways (asphalting and routing) in the industrial area <strong>Bd. Ghencea Nr. 154, District 6, Bucharest<\/strong><\/li><li>Restoration of roadways, execution of parking lots and rehabilitation of pedestrian sidewalks in <strong>Boc\u0219a City, Cara\u0219-Severin County<\/strong><\/li><\/ul>\t\t\t\t\t\t\t\t<\/div>\n\t\t\t\t<\/div>\n\t\t\t\t\t<\/div>\n\t\t<\/div>\n\t\t\t\t\t<\/div>\n\t\t<\/section>\n\t\t\t\t<section class=\"elementor-section elementor-inner-section elementor-element elementor-element-8105d74 elementor-section-content-top elementor-section-boxed elementor-section-height-default elementor-section-height-default\" data-id=\"8105d74\" data-element_type=\"section\" data-e-type=\"section\">\n\t\t\t\t\t\t<div class=\"elementor-container elementor-column-gap-default\">\n\t\t\t\t\t<div class=\"elementor-column elementor-col-33 elementor-inner-column elementor-element elementor-element-bb8d6ee\" data-id=\"bb8d6ee\" data-element_type=\"column\" data-e-type=\"column\">\n\t\t\t<div class=\"elementor-widget-wrap elementor-element-populated\">\n\t\t\t\t\t\t<div class=\"elementor-element elementor-element-f5e2650 elementor-widget elementor-widget-image\" data-id=\"f5e2650\" data-element_type=\"widget\" data-e-type=\"widget\" data-widget_type=\"image.default\">\n\t\t\t\t<div class=\"elementor-widget-container\">\n\t\t\t\t\t\t\t\t\t\t\t\t\t\t\t<img decoding=\"async\" width=\"940\" height=\"700\" src=\"https:\/\/premierinvestconstruct.ro\/wp-content\/uploads\/2023\/11\/Extindere-reabilitare-si-modernizare-retea-publica-de-alimentare-cu-apa-si-canalizare.png\" class=\"attachment-large size-large wp-image-618\" alt=\"\" srcset=\"https:\/\/premierinvestconstruct.ro\/wp-content\/uploads\/2023\/11\/Extindere-reabilitare-si-modernizare-retea-publica-de-alimentare-cu-apa-si-canalizare.png 940w, https:\/\/premierinvestconstruct.ro\/wp-content\/uploads\/2023\/11\/Extindere-reabilitare-si-modernizare-retea-publica-de-alimentare-cu-apa-si-canalizare-300x223.png 300w, https:\/\/premierinvestconstruct.ro\/wp-content\/uploads\/2023\/11\/Extindere-reabilitare-si-modernizare-retea-publica-de-alimentare-cu-apa-si-canalizare-768x572.png 768w\" sizes=\"(max-width: 940px) 100vw, 940px\" \/>\t\t\t\t\t\t\t\t\t\t\t\t\t\t\t<\/div>\n\t\t\t\t<\/div>\n\t\t\t\t\t<\/div>\n\t\t<\/div>\n\t\t\t\t<div class=\"elementor-column elementor-col-66 elementor-inner-column elementor-element elementor-element-90cf78f\" data-id=\"90cf78f\" data-element_type=\"column\" data-e-type=\"column\">\n\t\t\t<div class=\"elementor-widget-wrap elementor-element-populated\">\n\t\t\t\t\t\t<div class=\"elementor-element elementor-element-af35916 elementor-widget elementor-widget-heading\" data-id=\"af35916\" data-element_type=\"widget\" data-e-type=\"widget\" data-widget_type=\"heading.default\">\n\t\t\t\t<div class=\"elementor-widget-container\">\n\t\t\t\t\t<h4 class=\"elementor-heading-title elementor-size-default\">Extension, rehabilitation and modernization of the public water supply and sewerage network<\/h4>\t\t\t\t<\/div>\n\t\t\t\t<\/div>\n\t\t\t\t<div class=\"elementor-element elementor-element-f41f88f elementor-widget elementor-widget-text-editor\" data-id=\"f41f88f\" data-element_type=\"widget\" data-e-type=\"widget\" data-widget_type=\"text-editor.default\">\n\t\t\t\t<div class=\"elementor-widget-container\">\n\t\t\t\t\t\t\t\t\t<ul><li>Execution of works to expand, rehabilitate and modernize the public water supply network in <strong>Chiajna Commune, Ilfov County, Militari Residence area<\/strong> (Dudu Village, Ro\u0219u Village, Chiajna Commune)<\/li><li>Execution of works to expand, rehabilitate and modernize the public water supply and sewerage network in <strong>Brani\u0219tea Commune, D\u00e2mbovi\u021ba County<\/strong><\/li><\/ul>\t\t\t\t\t\t\t\t<\/div>\n\t\t\t\t<\/div>\n\t\t\t\t\t<\/div>\n\t\t<\/div>\n\t\t\t\t\t<\/div>\n\t\t<\/section>\n\t\t\t\t<section class=\"elementor-section elementor-inner-section elementor-element elementor-element-27e4e94 elementor-section-content-top elementor-section-boxed elementor-section-height-default elementor-section-height-default\" data-id=\"27e4e94\" data-element_type=\"section\" data-e-type=\"section\">\n\t\t\t\t\t\t<div class=\"elementor-container elementor-column-gap-default\">\n\t\t\t\t\t<div class=\"elementor-column elementor-col-33 elementor-inner-column elementor-element elementor-element-bf8b372\" data-id=\"bf8b372\" data-element_type=\"column\" data-e-type=\"column\">\n\t\t\t<div class=\"elementor-widget-wrap elementor-element-populated\">\n\t\t\t\t\t\t<div class=\"elementor-element elementor-element-94042da elementor-widget elementor-widget-image\" data-id=\"94042da\" data-element_type=\"widget\" data-e-type=\"widget\" data-widget_type=\"image.default\">\n\t\t\t\t<div class=\"elementor-widget-container\">\n\t\t\t\t\t\t\t\t\t\t\t\t\t\t\t<img decoding=\"async\" width=\"940\" height=\"700\" src=\"https:\/\/premierinvestconstruct.ro\/wp-content\/uploads\/2023\/11\/Refacere-aparare-si-consolidari-de-mal.png\" class=\"attachment-large size-large wp-image-619\" alt=\"\" srcset=\"https:\/\/premierinvestconstruct.ro\/wp-content\/uploads\/2023\/11\/Refacere-aparare-si-consolidari-de-mal.png 940w, https:\/\/premierinvestconstruct.ro\/wp-content\/uploads\/2023\/11\/Refacere-aparare-si-consolidari-de-mal-300x223.png 300w, https:\/\/premierinvestconstruct.ro\/wp-content\/uploads\/2023\/11\/Refacere-aparare-si-consolidari-de-mal-768x572.png 768w\" sizes=\"(max-width: 940px) 100vw, 940px\" \/>\t\t\t\t\t\t\t\t\t\t\t\t\t\t\t<\/div>\n\t\t\t\t<\/div>\n\t\t\t\t\t<\/div>\n\t\t<\/div>\n\t\t\t\t<div class=\"elementor-column elementor-col-66 elementor-inner-column elementor-element elementor-element-62abdd0\" data-id=\"62abdd0\" data-element_type=\"column\" data-e-type=\"column\">\n\t\t\t<div class=\"elementor-widget-wrap elementor-element-populated\">\n\t\t\t\t\t\t<div class=\"elementor-element elementor-element-6684af9 elementor-widget elementor-widget-heading\" data-id=\"6684af9\" data-element_type=\"widget\" data-e-type=\"widget\" data-widget_type=\"heading.default\">\n\t\t\t\t<div class=\"elementor-widget-container\">\n\t\t\t\t\t<h4 class=\"elementor-heading-title elementor-size-default\">Shore restoration, defense and fortifications<\/h4>\t\t\t\t<\/div>\n\t\t\t\t<\/div>\n\t\t\t\t<div class=\"elementor-element elementor-element-83107a1 elementor-widget elementor-widget-text-editor\" data-id=\"83107a1\" data-element_type=\"widget\" data-e-type=\"widget\" data-widget_type=\"text-editor.default\">\n\t\t\t\t<div class=\"elementor-widget-container\">\n\t\t\t\t\t\t\t\t\t<ul><li>Restoration, defense and bank consolidation works that protect the embankment by building gabions, street channels and bridges in <b>Glodeni Commune, D\u00e2mbovi\u021ba County<\/b><\/li><\/ul>\t\t\t\t\t\t\t\t<\/div>\n\t\t\t\t<\/div>\n\t\t\t\t\t<\/div>\n\t\t<\/div>\n\t\t\t\t\t<\/div>\n\t\t<\/section>\n\t\t\t\t\t<\/div>\n\t\t<\/div>\n\t\t\t\t\t<\/div>\n\t\t<\/section>\n\t\t\t\t<\/div>","protected":false},"excerpt":{"rendered":"<p>Proiecte Proiectele Noastre Refacerea c\u0103ilor de rulare rutiere Refacerea c\u0103ilor de rulare rutiere (asfaltare si frezare) \u00een Municipiul Bucure\u0219ti si DJ 601A Refacerea c\u0103ilor de rulare rutiere private (asfaltare \u0219i frezare) \u00een zona industrial\u0103 Bd. Ghencea Nr. 154, Sector 6, Bucure\u0219ti Refacerea c\u0103ilor de rulare rutiere, executare parc\u0103ri \u0219i reabilitare trotuare pietonale \u00een Ora\u0219 Boc\u0219a, &hellip;<\/p>\n<p class=\"read-more\"> <a class=\"\" href=\"https:\/\/premierinvestconstruct.ro\/en\/proiecte\/\"> <span class=\"screen-reader-text\">Projects<\/span> Read More &raquo;<\/a><\/p>","protected":false},"author":1,"featured_media":0,"parent":0,"menu_order":0,"comment_status":"closed","ping_status":"closed","template":"","meta":{"site-sidebar-layout":"no-sidebar","site-content-layout":"page-builder","ast-global-header-display":"","ast-main-header-display":"","ast-hfb-above-header-display":"","ast-hfb-below-header-display":"","ast-hfb-mobile-header-display":"","site-post-title":"disabled","ast-breadcrumbs-content":"","ast-featured-img":"disabled","footer-sml-layout":"","theme-transparent-header-meta":"","adv-header-id-meta":"","stick-header-meta":"","header-above-stick-meta":"","header-main-stick-meta":"","header-below-stick-meta":"","footnotes":""},"class_list":["post-342","page","type-page","status-publish","hentry"],"_links":{"self":[{"href":"https:\/\/premierinvestconstruct.ro\/en\/wp-json\/wp\/v2\/pages\/342","targetHints":{"allow":["GET"]}}],"collection":[{"href":"https:\/\/premierinvestconstruct.ro\/en\/wp-json\/wp\/v2\/pages"}],"about":[{"href":"https:\/\/premierinvestconstruct.ro\/en\/wp-json\/wp\/v2\/types\/page"}],"author":[{"embeddable":true,"href":"https:\/\/premierinvestconstruct.ro\/en\/wp-json\/wp\/v2\/users\/1"}],"replies":[{"embeddable":true,"href":"https:\/\/premierinvestconstruct.ro\/en\/wp-json\/wp\/v2\/comments?post=342"}],"version-history":[{"count":35,"href":"https:\/\/premierinvestconstruct.ro\/en\/wp-json\/wp\/v2\/pages\/342\/revisions"}],"predecessor-version":[{"id":623,"href":"https:\/\/premierinvestconstruct.ro\/en\/wp-json\/wp\/v2\/pages\/342\/revisions\/623"}],"wp:attachment":[{"href":"https:\/\/premierinvestconstruct.ro\/en\/wp-json\/wp\/v2\/media?parent=342"}],"curies":[{"name":"wp","href":"https:\/\/api.w.org\/{rel}","templated":true}]}}